{"id":4877,"date":"2026-01-20T11:16:33","date_gmt":"2026-01-20T10:16:33","guid":{"rendered":"https:\/\/www.uewg-michelstadt.de\/?page_id=4877"},"modified":"2026-01-21T16:43:17","modified_gmt":"2026-01-21T15:43:17","slug":"transparency-notice-information","status":"publish","type":"page","link":"https:\/\/2026.uewg-michelstadt.de\/?page_id=4877","title":{"rendered":"Transparency Notice"},"content":{"rendered":"<h1><strong>Transparency Notice \u2013 Politische Werbung der \u00dcWG Michelstadt<\/strong><\/h1>\n<h2>1. Sponsor der politischen Werbung<\/h2>\n<p><strong>\u00dcberparteiliche W\u00e4hlergemeinschaft \u00dcWG Michelstadt<\/strong><br \/>\nWilhelm-Leuschner-Str. 15<br \/>\n64720 Michelstadt<br \/>\nDeutschland<\/p>\n<p>E-Mail: kontakt@uewg-michelstadt.de<\/p>\n<p>Vertreten durch den Vorstand der \u00dcWG Michelstadt.<\/p>\n<h2>2. Art der politischen Werbung<\/h2>\n<p>Diese Transparency Notice bezieht sich auf politische Werbung der \u00dcberparteilichen W\u00e4hlergemeinschaft \u00dcWG Michelstadt, insbesondere:<\/p>\n<ul>\n<li>Wahlplakate im \u00f6ffentlichen Raum<\/li>\n<li>Inhalte auf der Website der \u00dcWG Michelstadt<\/li>\n<li>Beitr\u00e4ge und Anzeigen in sozialen Netzwerken (z.B. Facebook und Instagram)<\/li>\n<li>Inhalte in E-Mail-Newslettern der \u00dcWG Michelstadt<\/li>\n<\/ul>\n<h2>3. Zweck und Kontext<\/h2>\n<p>Die politische Werbung dient der Information der \u00d6ffentlichkeit \u00fcber kommunalpolitische Ziele, Positionen sowie Kandidatinnen und Kandidaten der \u00dcWG Michelstadt im Rahmen der kommunalpolitischen Wahl am 15.3.2026 in Michelstadt.<\/p>\n<h2>4. Verbreitungskan\u00e4le<\/h2>\n<p>Die politische Werbung der \u00dcWG Michelstadt kann \u00fcber folgende Kan\u00e4le erfolgen:<\/p>\n<h3>4.1 Offline<\/h3>\n<ul>\n<li>Wahlplakate im \u00f6ffentlichen Raum im Stadtgebiet Michelstadt<\/li>\n<li>Flyer zur kommunalpolitischen Wahl am 15.3.2026 in Michelstadt und weitere Materialien<\/li>\n<\/ul>\n<h3>\u00a04.2 Online<\/h3>\n<ul>\n<li>Website: https:\/\/2026.uewg-michelstadt.de<\/li>\n<li>Soziale Netzwerke z.B.:\n<ul>\n<li>Facebook<\/li>\n<li>Instagram<\/li>\n<li>E-Mail-Newsletter der \u00dcWG Michelstadt<\/li>\n<\/ul>\n<\/li>\n<\/ul>\n<h2>5. Finanzierung<\/h2>\n<p>Die Finanzierung der politischen Werbung erfolgt ausschlie\u00dflich durch die \u00dcWG Michelstadt aus zul\u00e4ssigen Spenden gem\u00e4\u00df den geltenden gesetzlichen Vorschriften. Es erfolgt keine verdeckte oder nicht offengelegte Finanzierung durch Dritte.<\/p>\n<h2>6. Targeting und Ausspielung<\/h2>\n<h3>6.1 Offline-Werbung<\/h3>\n<p>Bei Wahlplakaten findet keine zielgruppenbasierte oder datenbasierte Ausspielung statt.<\/p>\n<h3>6.2 Online-Werbung<\/h3>\n<p>Bei Inhalten auf der Website, in sozialen Netzwerken sowie im Newsletter kann eine Ausspielung nach allgemeinen, nicht personenbezogenen Kriterien erfolgen (z. B. regionale Zuordnung oder Plattform-Standardfunktionen). Es erfolgt kein politisches Targeting auf Basis sensibler personenbezogener Daten im Sinne der EU-Verordnung \u00fcber politische Werbung.<\/p>\n<h2>7. Newsletter<\/h2>\n<p>Der Versand von Newslettern erfolgt ausschlie\u00dflich an Empf\u00e4ngerinnen und Empf\u00e4nger, die dem Erhalt der Informationen aktiv zugestimmt haben. Die Newsletter enthalten politische Informationen und Hinweise auf Aktivit\u00e4ten der \u00dcWG Michelstadt.<\/p>\n<h2>8. Verf\u00fcgbarkeit und Aufbewahrung<\/h2>\n<p>Diese Transparency Notice ist w\u00e4hrend der gesamten Laufzeit der zugeh\u00f6rigen politischen Werbung \u00f6ffentlich zug\u00e4nglich und wird f\u00fcr mindestens 7 Jahre nach Ende der jeweiligen Werbema\u00dfnahmen aufbewahrt.<\/p>\n<h2>9. Zuordnung<\/h2>\n<p>Diese Seite ist \u00fcber Direktlinks oder QR-Codes erreichbar, die in Verbindung mit den jeweiligen politischen Werbema\u00dfnahmen (z. B. Wahlplakate, Online-Beitr\u00e4ge, Newsletter) verwendet werden.<\/p>\n<h2>10. Beauftragte Agentur<\/h2>\n<p>Frank Kirsch \/ smartline web.print.seo \/ odenwaldklick.de \/ Friedrich-Ebert-Stra\u00dfe 4 \/ 64732 Bad K\u00f6nig<\/p>\n","protected":false},"excerpt":{"rendered":"<p>Transparency Notice \u2013 Politische Werbung der \u00dcWG Michelstadt 1. Sponsor der politischen Werbung \u00dcberparteiliche W\u00e4hlergemeinschaft \u00dcWG Michelstadt Wilhelm-Leuschner-Str. 15 64720 Michelstadt Deutschland E-Mail: kontakt@uewg-michelstadt.de Vertreten durch den Vorstand der \u00dcWG Michelstadt. 2. Art der politischen Werbung Diese Transparency Notice bezieht sich auf politische Werbung der \u00dcberparteilichen W\u00e4hlergemeinschaft \u00dcWG Michelstadt, insbesondere: Wahlplakate im \u00f6ffentlichen Raum Inhalte<\/p>\n","protected":false},"author":1,"featured_media":0,"parent":0,"menu_order":0,"comment_status":"closed","ping_status":"closed","template":"","meta":{"footnotes":""},"class_list":["post-4877","page","type-page","status-publish","hentry"],"acf":[],"post_mailing_queue_ids":[],"_links":{"self":[{"href":"https:\/\/2026.uewg-michelstadt.de\/index.php?rest_route=\/wp\/v2\/pages\/4877","targetHints":{"allow":["GET"]}}],"collection":[{"href":"https:\/\/2026.uewg-michelstadt.de\/index.php?rest_route=\/wp\/v2\/pages"}],"about":[{"href":"https:\/\/2026.uewg-michelstadt.de\/index.php?rest_route=\/wp\/v2\/types\/page"}],"author":[{"embeddable":true,"href":"https:\/\/2026.uewg-michelstadt.de\/index.php?rest_route=\/wp\/v2\/users\/1"}],"replies":[{"embeddable":true,"href":"https:\/\/2026.uewg-michelstadt.de\/index.php?rest_route=%2Fwp%2Fv2%2Fcomments&post=4877"}],"version-history":[{"count":9,"href":"https:\/\/2026.uewg-michelstadt.de\/index.php?rest_route=\/wp\/v2\/pages\/4877\/revisions"}],"predecessor-version":[{"id":4889,"href":"https:\/\/2026.uewg-michelstadt.de\/index.php?rest_route=\/wp\/v2\/pages\/4877\/revisions\/4889"}],"wp:attachment":[{"href":"https:\/\/2026.uewg-michelstadt.de\/index.php?rest_route=%2Fwp%2Fv2%2Fmedia&parent=4877"}],"curies":[{"name":"wp","href":"https:\/\/api.w.org\/{rel}","templated":true}]}}