{"id":42,"date":"2020-05-06T08:23:07","date_gmt":"2020-05-06T06:23:07","guid":{"rendered":"http:\/\/www.schusterxxl.de\/wp_UEWG\/?page_id=42"},"modified":"2023-06-06T12:00:13","modified_gmt":"2023-06-06T10:00:13","slug":"unterstuetzen","status":"publish","type":"page","link":"https:\/\/2026.uewg-michelstadt.de\/?page_id=42","title":{"rendered":"Aktiv werden"},"content":{"rendered":"<p><div class=\"fusion-fullwidth fullwidth-box fusion-builder-row-1 nonhundred-percent-fullwidth non-hundred-percent-height-scrolling\" style=\"--awb-border-radius-top-left:0px;--awb-border-radius-top-right:0px;--awb-border-radius-bottom-right:0px;--awb-border-radius-bottom-left:0px;--awb-flex-wrap:wrap;\" ><div class=\"fusion-builder-row fusion-row\"><div class=\"fusion-layout-column fusion_builder_column fusion-builder-column-0 fusion_builder_column_1_1 1_1 fusion-one-full fusion-column-first fusion-column-last\" style=\"--awb-bg-size:cover;\"><div class=\"fusion-column-wrapper fusion-column-has-shadow fusion-flex-column-wrapper-legacy\"><div class=\"fusion-reading-box-container reading-box-container-1\" style=\"--awb-title-color:#333333;--awb-margin-top:30px;--awb-margin-bottom:30px;\"><div class=\"reading-box\" style=\"background-color:#f6f6f6;border-width:1px;border-color:#f6f6f6;border-left-width:3px;border-left-color:var(--primary_color);border-style:solid;\"><h2>Sie wollen sich f\u00fcr Michelstadt engagieren?<\/h2><div class=\"reading-box-additional fusion-reading-box-additional\">\n<p>Sie haben Vorsch\u00e4ge und Ideen?<\/p>\n<p>Nehmen Sie einfach Kontakt auf .. wir freuen uns darauf, von Ihnen zu h\u00f6ren!<\/p>\n<\/div><div class=\"fusion-clearfix\"><\/div><\/div><\/div><div class=\"fusion-reading-box-container reading-box-container-2\" style=\"--awb-title-color:#333333;--awb-margin-top:30px;--awb-margin-bottom:30px;\"><div class=\"reading-box\" style=\"background-color:#f6f6f6;border-width:1px;border-color:#f6f6f6;border-left-width:3px;border-left-color:var(--primary_color);border-style:solid;\"><h2>Kommen Sie vorbei - Offene Fraktionssitzungen<br><\/h2><div class=\"reading-box-additional fusion-reading-box-additional\">\n<p>Kommen Sie vorbei, informieren Sie sich und kommen mit uns ins Gespr\u00e4ch. Die \u00dcWG-Fraktion trifft sich regelm\u00e4\u00dfig zu Fraktionssitzungen, die f\u00fcr Interessierte offen sind. Weitere Informationen (Ort, Uhrzeit, Themen) bekommen Sie per Mail beim Fraktionsvorsitzenden.<\/p>\n<\/div><div class=\"fusion-clearfix\"><\/div><\/div><\/div><div class=\"fusion-reading-box-container reading-box-container-3\" style=\"--awb-title-color:#333333;--awb-margin-top:30px;--awb-margin-bottom:30px;\"><div class=\"reading-box\" style=\"background-color:#f6f6f6;border-width:1px;border-color:#f6f6f6;border-left-width:3px;border-left-color:var(--primary_color);border-style:solid;\"><h2>Werden Sie Mitglied der \u00dcWG<br><\/h2><div class=\"reading-box-description fusion-reading-box-additional\"><br>Aufnahmeantrag und Satzung der \u00dcWG Michelstadt zum Download:<br><\/div><div class=\"reading-box-additional\">\n<p><a href=\"http:\/\/2026.uewg-michelstadt.de\/wp-content\/uploads\/2010\/12\/Aufnahmeantrag-einzeln.doc\" target=\"_blank\" rel=\"noopener\">Aufnahmeantrag<\/a><\/p>\n<p><a href=\"http:\/\/2026.uewg-michelstadt.de\/wp-content\/uploads\/2010\/11\/2014_\u00dcWG_Satzung.pdf\" target=\"_blank\" rel=\"noopener\">2014_\u00dcWG_Satzung<\/a><\/p>\n<\/div><div class=\"fusion-clearfix\"><\/div><\/div><\/div><div class=\"fusion-clearfix\"><\/div><\/div><\/div><\/div><\/div><div class=\"fusion-fullwidth fullwidth-box fusion-builder-row-2 nonhundred-percent-fullwidth non-hundred-percent-height-scrolling\" style=\"--awb-border-radius-top-left:0px;--awb-border-radius-top-right:0px;--awb-border-radius-bottom-right:0px;--awb-border-radius-bottom-left:0px;--awb-flex-wrap:wrap;\" ><div class=\"fusion-builder-row fusion-row\"><div class=\"fusion-layout-column fusion_builder_column fusion-builder-column-1 fusion_builder_column_1_1 1_1 fusion-one-full fusion-column-first fusion-column-last\" style=\"--awb-bg-blend:overlay;--awb-bg-size:cover;--awb-margin-bottom:0px;\"><div class=\"fusion-column-wrapper fusion-flex-column-wrapper-legacy\"><div class=\"fusion-text fusion-text-1\"><\/div><div class=\"fusion-clearfix\"><\/div><\/div><\/div><\/div><\/div><\/p>\n","protected":false},"excerpt":{"rendered":"","protected":false},"author":1,"featured_media":0,"parent":0,"menu_order":40,"comment_status":"closed","ping_status":"closed","template":"100-width.php","meta":{"footnotes":""},"class_list":["post-42","page","type-page","status-publish","hentry"],"acf":[],"post_mailing_queue_ids":[],"_links":{"self":[{"href":"https:\/\/2026.uewg-michelstadt.de\/index.php?rest_route=\/wp\/v2\/pages\/42","targetHints":{"allow":["GET"]}}],"collection":[{"href":"https:\/\/2026.uewg-michelstadt.de\/index.php?rest_route=\/wp\/v2\/pages"}],"about":[{"href":"https:\/\/2026.uewg-michelstadt.de\/index.php?rest_route=\/wp\/v2\/types\/page"}],"author":[{"embeddable":true,"href":"https:\/\/2026.uewg-michelstadt.de\/index.php?rest_route=\/wp\/v2\/users\/1"}],"replies":[{"embeddable":true,"href":"https:\/\/2026.uewg-michelstadt.de\/index.php?rest_route=%2Fwp%2Fv2%2Fcomments&post=42"}],"version-history":[{"count":21,"href":"https:\/\/2026.uewg-michelstadt.de\/index.php?rest_route=\/wp\/v2\/pages\/42\/revisions"}],"predecessor-version":[{"id":4775,"href":"https:\/\/2026.uewg-michelstadt.de\/index.php?rest_route=\/wp\/v2\/pages\/42\/revisions\/4775"}],"wp:attachment":[{"href":"https:\/\/2026.uewg-michelstadt.de\/index.php?rest_route=%2Fwp%2Fv2%2Fmedia&parent=42"}],"curies":[{"name":"wp","href":"https:\/\/api.w.org\/{rel}","templated":true}]}}