{"id":1799,"date":"2020-05-03T15:35:41","date_gmt":"2020-05-03T13:35:41","guid":{"rendered":"http:\/\/2020.uewg-michelstadt.de\/?page_id=1799"},"modified":"2020-11-25T13:16:27","modified_gmt":"2020-11-25T12:16:27","slug":"aktuelles","status":"publish","type":"page","link":"https:\/\/2026.uewg-michelstadt.de\/?page_id=1799","title":{"rendered":"Aktuelles"},"content":{"rendered":"<p><div class=\"fusion-fullwidth fullwidth-box fusion-builder-row-1 nonhundred-percent-fullwidth non-hundred-percent-height-scrolling\" style=\"--awb-border-radius-top-left:0px;--awb-border-radius-top-right:0px;--awb-border-radius-bottom-right:0px;--awb-border-radius-bottom-left:0px;--awb-flex-wrap:wrap;\" ><div class=\"fusion-builder-row fusion-row\"><div class=\"fusion-layout-column fusion_builder_column fusion-builder-column-0 fusion_builder_column_1_1 1_1 fusion-one-full fusion-column-first fusion-column-last\" style=\"--awb-bg-size:cover;\"><div class=\"fusion-column-wrapper fusion-column-has-shadow fusion-flex-column-wrapper-legacy\"><div class=\"fusion-blog-shortcode fusion-blog-shortcode-1 fusion-blog-archive fusion-blog-layout-medium fusion-blog-no\"><div class=\"fusion-posts-container fusion-posts-container-no\" data-pages=\"75\"><article id=\"blog-1-post-5033\" class=\"fusion-post-medium post-5033 post type-post status-publish format-standard has-post-thumbnail hentry category-allgemein category-fraktion\">\n\t<style type=\"text\/css\">\n\t\t\n\t\t\n\t\t\n\t\t\n\t\t\t<\/style>\n\n\n\t\t\t<div class=\"fusion-flexslider flexslider fusion-flexslider-loading fusion-post-slideshow\" style=\"\">\n\t\t<ul class=\"slides\">\n\t\t\t\n\t\t\t\t\t\t\t\t\t\t\t\t\t\t<li><div  class=\"fusion-image-wrapper fusion-image-size-fixed\" aria-haspopup=\"true\">\n\t\t\t\t\t\t\t<a href=\"https:\/\/2026.uewg-michelstadt.de\/?p=5033\" aria-label=\"Es geht los &#8211; Die Sanierung der Kellereibergstra\u00dfe hat begonnen\">\n\t\t\t\t\t\t\t<img decoding=\"async\" width=\"320\" height=\"202\" src=\"https:\/\/2026.uewg-michelstadt.de\/wp-content\/uploads\/2026\/04\/2026-Kellerei-320x202.jpeg\" class=\"attachment-blog-medium size-blog-medium wp-post-image\" alt=\"\" srcset=\"https:\/\/2026.uewg-michelstadt.de\/wp-content\/uploads\/2026\/04\/2026-Kellerei-320x202.jpeg 320w, https:\/\/2026.uewg-michelstadt.de\/wp-content\/uploads\/2026\/04\/2026-Kellerei-700x441.jpeg 700w\" sizes=\"(max-width: 320px) 100vw, 320px\" \/>\t\t\t<\/a>\n\t\t\t\t\t\t\t<\/div>\n<\/li>\n\t\t\t\n\t\t\t\n\t\t\t\t\t\t\t\t\t\t\t\t\t\t\t\t\t\t\t\t\t\t\t\t\t\t\t\t\t\t\t\t\t\t\t\t\t\t\t\t\t\t\t\t\t\t\t\t\t\t\t\t\t\t\t\t\t\t\t\t\t\t\t\t\t\t\t\t<\/ul>\n\t<\/div>\n\t<div class=\"fusion-post-content post-content\"><h2 class=\"blog-shortcode-post-title entry-title\"><a href=\"https:\/\/2026.uewg-michelstadt.de\/?p=5033\">Es geht los &#8211; Die Sanierung der Kellereibergstra\u00dfe hat begonnen<\/a><\/h2><div class=\"fusion-post-content-container\"><p>Wir freuen uns: Nach \u00fcber 20 Jahren beginnt nun endlich die Sanierung der Kellereibergstra\u00dfe. Das Thema wurde immer wieder verschoben, obschon jedem bewusst war, dass die Kellereibergstra\u00dfe dringend grundlegend saniert werden muss. Mit Unterst\u00fctzung der \u00dcWG wurde das Thema in der letzten Legislaturperiode schlie\u00dflich auf die Tagesordnung gesetzt. Nach langer Planung haben am heutigen<\/p><\/div><\/div><div class=\"fusion-clearfix\"><\/div><div class=\"fusion-meta-info\"><div class=\"fusion-alignleft\"><span class=\"vcard\" style=\"display: none;\"><span class=\"fn\"><a href=\"https:\/\/2026.uewg-michelstadt.de\/?author=1\" title=\"Beitr\u00e4ge von ManuelDingeldein\" rel=\"author\">ManuelDingeldein<\/a><\/span><\/span><span class=\"updated\" style=\"display:none;\">2026-04-08T22:31:00+02:00<\/span><span>8. April 2026<\/span><span class=\"fusion-inline-sep\">|<\/span><\/div><div class=\"fusion-alignright\"><a class=\"fusion-read-more\" href=\"https:\/\/2026.uewg-michelstadt.de\/?p=5033\" aria-label=\"More on Es geht los &#8211; Die Sanierung der Kellereibergstra\u00dfe hat begonnen\">Weiterlesen<\/a><\/div><\/div><\/article>\n<\/div><\/div><div class=\"fusion-clearfix\"><\/div><\/div><\/div><\/div><\/div><div class=\"fusion-fullwidth fullwidth-box fusion-builder-row-2 nonhundred-percent-fullwidth non-hundred-percent-height-scrolling\" style=\"--awb-background-position:left top;--awb-border-sizes-top:0px;--awb-border-sizes-bottom:0px;--awb-border-sizes-left:0px;--awb-border-sizes-right:0px;--awb-border-radius-top-left:0px;--awb-border-radius-top-right:0px;--awb-border-radius-bottom-right:0px;--awb-border-radius-bottom-left:0px;--awb-padding-top:50px;--awb-padding-bottom:4%;--awb-flex-wrap:wrap;\" ><div class=\"fusion-builder-row fusion-row\"><div class=\"fusion-layout-column fusion_builder_column fusion-builder-column-1 fusion_builder_column_1_1 1_1 fusion-one-full fusion-column-first fusion-column-last fusion-column-no-min-height\" style=\"--awb-bg-size:cover;--awb-margin-bottom:0px;\"><div class=\"fusion-column-wrapper fusion-flex-column-wrapper-legacy\"><div class=\"fusion-blog-shortcode fusion-blog-shortcode-2 fusion-blog-archive fusion-blog-layout-medium fusion-blog-infinite\"><div class=\"fusion-posts-container fusion-posts-container-infinite fusion-posts-container-load-more\" data-pages=\"13\"><article id=\"blog-2-post-5028\" class=\"fusion-post-medium post-5028 post type-post status-publish format-standard has-post-thumbnail hentry category-allgemein category-fraktion category-kommunalwahl2026 category-magistrat category-pressemitteilungen category-stadtverordnete\">\n\t<style type=\"text\/css\">\n\t\t\n\t\t\n\t\t\n\t\t\n\t\t\t<\/style>\n\n\n\t\t\t<div class=\"fusion-flexslider flexslider fusion-flexslider-loading fusion-post-slideshow\" style=\"\">\n\t\t<ul class=\"slides\">\n\t\t\t\n\t\t\t\t\t\t\t\t\t\t\t\t\t\t<li><div  class=\"fusion-image-wrapper fusion-image-size-fixed\" aria-haspopup=\"true\">\n\t\t\t\t\t\t\t<a href=\"https:\/\/2026.uewg-michelstadt.de\/?p=5028\" aria-label=\"CDU und \u00dcWG: Keine Ampel durch die Hintert\u00fcr &#8211; Klare Positionierung f\u00fcr Michelstadt\">\n\t\t\t\t\t\t\t<img decoding=\"async\" width=\"320\" height=\"202\" src=\"https:\/\/2026.uewg-michelstadt.de\/wp-content\/uploads\/2026\/03\/Presseinformation_CDU_UeWG_31.-Maerz-2026-320x202.png\" class=\"attachment-blog-medium size-blog-medium wp-post-image\" alt=\"\" srcset=\"https:\/\/2026.uewg-michelstadt.de\/wp-content\/uploads\/2026\/03\/Presseinformation_CDU_UeWG_31.-Maerz-2026-320x202.png 320w, https:\/\/2026.uewg-michelstadt.de\/wp-content\/uploads\/2026\/03\/Presseinformation_CDU_UeWG_31.-Maerz-2026-700x441.png 700w\" sizes=\"(max-width: 320px) 100vw, 320px\" \/>\t\t\t<\/a>\n\t\t\t\t\t\t\t<\/div>\n<\/li>\n\t\t\t\n\t\t\t\n\t\t\t\t\t\t\t\t\t\t\t\t\t\t\t\t\t\t\t\t\t\t\t\t\t\t\t\t\t\t\t\t\t\t\t\t\t\t\t\t\t\t\t\t\t\t\t\t\t\t\t\t\t\t\t\t\t\t\t\t\t\t\t\t\t\t\t\t<\/ul>\n\t<\/div>\n\t<div class=\"fusion-post-content post-content\"><h2 class=\"blog-shortcode-post-title entry-title\"><a href=\"https:\/\/2026.uewg-michelstadt.de\/?p=5028\">CDU und \u00dcWG: Keine Ampel durch die Hintert\u00fcr &#8211; Klare Positionierung f\u00fcr Michelstadt<\/a><\/h2><div class=\"fusion-post-content-container\"><p>Michelstadt. Nach der Kommunalwahl in Michelstadt \u00fcben CDU und \u00dcWG deutliche Kritik am Vorgehen von SPD, Gr\u00fcnen und FDP im Rahmen der politischen Findungsphase. Nach Angaben beider Fraktionen wurden sie in einem Telefonat \u00fcber bereits abgestimmte Pl\u00e4ne informiert \u2013 ohne vorherigen Austausch, ohne gemeinsame Gespr\u00e4che und ohne die M\u00f6glichkeit, eigene Positionen einzubringen. \u201eEin echter Dialog<\/p><\/div><\/div><div class=\"fusion-clearfix\"><\/div><div class=\"fusion-meta-info\"><div class=\"fusion-alignleft\"><span class=\"vcard\" style=\"display: none;\"><span class=\"fn\"><a href=\"https:\/\/2026.uewg-michelstadt.de\/?author=1\" title=\"Beitr\u00e4ge von ManuelDingeldein\" rel=\"author\">ManuelDingeldein<\/a><\/span><\/span><span class=\"updated\" style=\"display:none;\">2026-04-07T09:52:08+02:00<\/span><span>7. April 2026<\/span><span class=\"fusion-inline-sep\">|<\/span><\/div><div class=\"fusion-alignright\"><a class=\"fusion-read-more\" href=\"https:\/\/2026.uewg-michelstadt.de\/?p=5028\" aria-label=\"More on CDU und \u00dcWG: Keine Ampel durch die Hintert\u00fcr &#8211; Klare Positionierung f\u00fcr Michelstadt\">Weiterlesen<\/a><\/div><\/div><\/article>\n<article id=\"blog-2-post-5021\" class=\"fusion-post-medium post-5021 post type-post status-publish format-standard has-post-thumbnail hentry category-allgemein\">\n\t<style type=\"text\/css\">\n\t\t\n\t\t\n\t\t\n\t\t\n\t\t\t<\/style>\n\n\n\t\t\t<div class=\"fusion-flexslider flexslider fusion-flexslider-loading fusion-post-slideshow\" style=\"\">\n\t\t<ul class=\"slides\">\n\t\t\t\n\t\t\t\t\t\t\t\t\t\t\t\t\t\t<li><div  class=\"fusion-image-wrapper fusion-image-size-fixed\" aria-haspopup=\"true\">\n\t\t\t\t\t\t\t<a href=\"https:\/\/2026.uewg-michelstadt.de\/?p=5021\" aria-label=\"Wir bedanken uns herzlich bei allen W\u00e4hlerinnen und W\u00e4hlern f\u00fcr das entgegengebrachte Vertrauen\">\n\t\t\t\t\t\t\t<img decoding=\"async\" width=\"320\" height=\"202\" src=\"https:\/\/2026.uewg-michelstadt.de\/wp-content\/uploads\/2026\/03\/2026_UEWG_Michelstadt_Danke-320x202.jpg\" class=\"attachment-blog-medium size-blog-medium wp-post-image\" alt=\"\" srcset=\"https:\/\/2026.uewg-michelstadt.de\/wp-content\/uploads\/2026\/03\/2026_UEWG_Michelstadt_Danke-320x202.jpg 320w, https:\/\/2026.uewg-michelstadt.de\/wp-content\/uploads\/2026\/03\/2026_UEWG_Michelstadt_Danke-700x441.jpg 700w\" sizes=\"(max-width: 320px) 100vw, 320px\" \/>\t\t\t<\/a>\n\t\t\t\t\t\t\t<\/div>\n<\/li>\n\t\t\t\n\t\t\t\n\t\t\t\t\t\t\t\t\t\t\t\t\t\t\t\t\t\t\t\t\t\t\t\t\t\t\t\t\t\t\t\t\t\t\t\t\t\t\t\t\t\t\t\t\t\t\t\t\t\t\t\t\t\t\t\t\t\t\t\t\t\t\t\t\t\t\t\t<\/ul>\n\t<\/div>\n\t<div class=\"fusion-post-content post-content\"><h2 class=\"blog-shortcode-post-title entry-title\"><a href=\"https:\/\/2026.uewg-michelstadt.de\/?p=5021\">Wir bedanken uns herzlich bei allen W\u00e4hlerinnen und W\u00e4hlern f\u00fcr das entgegengebrachte Vertrauen<\/a><\/h2><div class=\"fusion-post-content-container\"><p>Danke an alle W\u00e4hlerinnen und W\u00e4hler f\u00fcr das Vertrauen. Wir freuen uns auf die kommenden Aufgaben und werden uns weiterhin engagiert und verantwortungsvoll f\u00fcr Michelstadt und seine Stadtteile einsetzen.<\/p><\/div><\/div><div class=\"fusion-clearfix\"><\/div><div class=\"fusion-meta-info\"><div class=\"fusion-alignleft\"><span class=\"vcard\" style=\"display: none;\"><span class=\"fn\"><a href=\"https:\/\/2026.uewg-michelstadt.de\/?author=1\" title=\"Beitr\u00e4ge von ManuelDingeldein\" rel=\"author\">ManuelDingeldein<\/a><\/span><\/span><span class=\"updated\" style=\"display:none;\">2026-03-22T10:55:41+01:00<\/span><span>22. M\u00e4rz 2026<\/span><span class=\"fusion-inline-sep\">|<\/span><\/div><div class=\"fusion-alignright\"><a class=\"fusion-read-more\" href=\"https:\/\/2026.uewg-michelstadt.de\/?p=5021\" aria-label=\"More on Wir bedanken uns herzlich bei allen W\u00e4hlerinnen und W\u00e4hlern f\u00fcr das entgegengebrachte Vertrauen\">Weiterlesen<\/a><\/div><\/div><\/article>\n<article id=\"blog-2-post-5016\" class=\"fusion-post-medium post-5016 post type-post status-publish format-video has-post-thumbnail hentry category-allgemein category-fraktion category-magistrat category-ortsbeiraete category-stadtverordnete post_format-post-format-video\">\n\t<style type=\"text\/css\">\n\t\t\n\t\t\n\t\t\n\t\t\n\t\t\t<\/style>\n\n\n\t\t\t<div class=\"fusion-flexslider flexslider fusion-flexslider-loading fusion-post-slideshow\" style=\"\">\n\t\t<ul class=\"slides\">\n\t\t\t\n\t\t\t\t\t\t\t\t\t\t\t\t\t\t<li><div  class=\"fusion-image-wrapper fusion-image-size-fixed\" aria-haspopup=\"true\">\n\t\t\t\t\t\t\t<a href=\"https:\/\/2026.uewg-michelstadt.de\/?p=5016\" aria-label=\"Gemeinsam sind wir Michelstadt\">\n\t\t\t\t\t\t\t<img decoding=\"async\" width=\"320\" height=\"202\" src=\"https:\/\/2026.uewg-michelstadt.de\/wp-content\/uploads\/2026\/03\/20-UeWG-320x202.png\" class=\"attachment-blog-medium size-blog-medium wp-post-image\" alt=\"\" srcset=\"https:\/\/2026.uewg-michelstadt.de\/wp-content\/uploads\/2026\/03\/20-UeWG-320x202.png 320w, https:\/\/2026.uewg-michelstadt.de\/wp-content\/uploads\/2026\/03\/20-UeWG-700x441.png 700w\" sizes=\"(max-width: 320px) 100vw, 320px\" \/>\t\t\t<\/a>\n\t\t\t\t\t\t\t<\/div>\n<\/li>\n\t\t\t\n\t\t\t\n\t\t\t\t\t\t\t\t\t\t\t\t\t\t\t\t\t\t\t\t\t\t\t\t\t\t\t\t\t\t\t\t\t\t\t\t\t\t\t\t\t\t\t\t\t\t\t\t\t\t\t\t\t\t\t\t\t\t\t\t\t\t\t\t\t\t\t\t<\/ul>\n\t<\/div>\n\t<div class=\"fusion-post-content post-content\"><h2 class=\"blog-shortcode-post-title entry-title\"><a href=\"https:\/\/2026.uewg-michelstadt.de\/?p=5016\">Gemeinsam sind wir Michelstadt<\/a><\/h2><div class=\"fusion-post-content-container\"><p>Unser Name ist Programm: \u00dcWG - \u00dcberparteiliche W\u00e4hlergemeinschaft Michelstadt Wir sind unabh\u00e4ngig, offen und engagiert. Unser Ziel ist Michelstadt lebenswert zu erhalten und weiterzuentwickeln \u2013 f\u00fcr alle Menschen, die hier leben. Wir setzen uns f\u00fcr eine starke Gemeinschaft, lebendige Stadtteile und nachhaltige Zukunft ein. \u00dcWG - \u00dcberparteiliche W\u00e4hlergemeinschaft Michelstadt unabh\u00e4ngig \u00b7 b\u00fcrgernah \u00b7 sachorientiert <\/p><\/div><\/div><div class=\"fusion-clearfix\"><\/div><div class=\"fusion-meta-info\"><div class=\"fusion-alignleft\"><span class=\"vcard\" style=\"display: none;\"><span class=\"fn\"><a href=\"https:\/\/2026.uewg-michelstadt.de\/?author=1\" title=\"Beitr\u00e4ge von ManuelDingeldein\" rel=\"author\">ManuelDingeldein<\/a><\/span><\/span><span class=\"updated\" style=\"display:none;\">2026-03-04T18:10:44+01:00<\/span><span>4. M\u00e4rz 2026<\/span><span class=\"fusion-inline-sep\">|<\/span><\/div><div class=\"fusion-alignright\"><a class=\"fusion-read-more\" href=\"https:\/\/2026.uewg-michelstadt.de\/?p=5016\" aria-label=\"More on Gemeinsam sind wir Michelstadt\">Weiterlesen<\/a><\/div><\/div><\/article>\n<article id=\"blog-2-post-5012\" class=\"fusion-post-medium post-5012 post type-post status-publish format-video has-post-thumbnail hentry category-allgemein category-fraktion category-magistrat category-ortsbeiraete category-stadtverordnete post_format-post-format-video\">\n\t<style type=\"text\/css\">\n\t\t\n\t\t\n\t\t\n\t\t\n\t\t\t<\/style>\n\n\n\t\t\t<div class=\"fusion-flexslider flexslider fusion-flexslider-loading fusion-post-slideshow\" style=\"\">\n\t\t<ul class=\"slides\">\n\t\t\t\n\t\t\t\t\t\t\t\t\t\t\t\t\t\t<li><div  class=\"fusion-image-wrapper fusion-image-size-fixed\" aria-haspopup=\"true\">\n\t\t\t\t\t\t\t<a href=\"https:\/\/2026.uewg-michelstadt.de\/?p=5012\" aria-label=\"Verbundenheit mit unserer Stadt und ihrer Stadtteile\">\n\t\t\t\t\t\t\t<img decoding=\"async\" width=\"320\" height=\"202\" src=\"https:\/\/2026.uewg-michelstadt.de\/wp-content\/uploads\/2026\/03\/12-Verbundenheit_Eva-320x202.png\" class=\"attachment-blog-medium size-blog-medium wp-post-image\" alt=\"\" srcset=\"https:\/\/2026.uewg-michelstadt.de\/wp-content\/uploads\/2026\/03\/12-Verbundenheit_Eva-320x202.png 320w, https:\/\/2026.uewg-michelstadt.de\/wp-content\/uploads\/2026\/03\/12-Verbundenheit_Eva-700x441.png 700w\" sizes=\"(max-width: 320px) 100vw, 320px\" \/>\t\t\t<\/a>\n\t\t\t\t\t\t\t<\/div>\n<\/li>\n\t\t\t\n\t\t\t\n\t\t\t\t\t\t\t\t\t\t\t\t\t\t\t\t\t\t\t\t\t\t\t\t\t\t\t\t\t\t\t\t\t\t\t\t\t\t\t\t\t\t\t\t\t\t\t\t\t\t\t\t\t\t\t\t\t\t\t\t\t\t\t\t\t\t\t\t<\/ul>\n\t<\/div>\n\t<div class=\"fusion-post-content post-content\"><h2 class=\"blog-shortcode-post-title entry-title\"><a href=\"https:\/\/2026.uewg-michelstadt.de\/?p=5012\">Verbundenheit mit unserer Stadt und ihrer Stadtteile<\/a><\/h2><div class=\"fusion-post-content-container\"><p>Unser Ziel:\u00a0Jeder soll sich in Michelstadt zuhause f\u00fchlen \u2013 jung und alt. Wir sichern die hohe Lebensqualit\u00e4t in Michelstadt, indem wir\u2026 f\u00fcr eine lebendige Innenstadt sorgen, die mit individuellen Gesch\u00e4ften, M\u00e4rkten und Veranstaltungen, einer vielf\u00e4ltigen Gastronomie und der historischen Erlebbarkeit der Altstadt begeistert. das abwechslungsreiche kulturelle Angebot und unsere Aush\u00e4ngeschilder Weihnachtsmarkt, Bienenmarkt, Theatersommer etc. pflegen.<\/p><\/div><\/div><div class=\"fusion-clearfix\"><\/div><div class=\"fusion-meta-info\"><div class=\"fusion-alignleft\"><span class=\"vcard\" style=\"display: none;\"><span class=\"fn\"><a href=\"https:\/\/2026.uewg-michelstadt.de\/?author=1\" title=\"Beitr\u00e4ge von ManuelDingeldein\" rel=\"author\">ManuelDingeldein<\/a><\/span><\/span><span class=\"updated\" style=\"display:none;\">2026-03-02T17:58:47+01:00<\/span><span>2. M\u00e4rz 2026<\/span><span class=\"fusion-inline-sep\">|<\/span><\/div><div class=\"fusion-alignright\"><a class=\"fusion-read-more\" href=\"https:\/\/2026.uewg-michelstadt.de\/?p=5012\" aria-label=\"More on Verbundenheit mit unserer Stadt und ihrer Stadtteile\">Weiterlesen<\/a><\/div><\/div><\/article>\n<article id=\"blog-2-post-5007\" class=\"fusion-post-medium post-5007 post type-post status-publish format-video has-post-thumbnail hentry category-allgemein category-fraktion category-magistrat category-ortsbeiraete category-stadtverordnete post_format-post-format-video\">\n\t<style type=\"text\/css\">\n\t\t\n\t\t\n\t\t\n\t\t\n\t\t\t<\/style>\n\n\n\t\t\t<div class=\"fusion-flexslider flexslider fusion-flexslider-loading fusion-post-slideshow\" style=\"\">\n\t\t<ul class=\"slides\">\n\t\t\t\n\t\t\t\t\t\t\t\t\t\t\t\t\t\t<li><div  class=\"fusion-image-wrapper fusion-image-size-fixed\" aria-haspopup=\"true\">\n\t\t\t\t\t\t\t<a href=\"https:\/\/2026.uewg-michelstadt.de\/?p=5007\" aria-label=\"F\u00fcr eine Altstadt f\u00fcr alle\">\n\t\t\t\t\t\t\t<img decoding=\"async\" width=\"320\" height=\"202\" src=\"https:\/\/2026.uewg-michelstadt.de\/wp-content\/uploads\/2026\/03\/11-offene-Altstadt-320x202.png\" class=\"attachment-blog-medium size-blog-medium wp-post-image\" alt=\"\" srcset=\"https:\/\/2026.uewg-michelstadt.de\/wp-content\/uploads\/2026\/03\/11-offene-Altstadt-320x202.png 320w, https:\/\/2026.uewg-michelstadt.de\/wp-content\/uploads\/2026\/03\/11-offene-Altstadt-700x441.png 700w\" sizes=\"(max-width: 320px) 100vw, 320px\" \/>\t\t\t<\/a>\n\t\t\t\t\t\t\t<\/div>\n<\/li>\n\t\t\t\n\t\t\t\n\t\t\t\t\t\t\t\t\t\t\t\t\t\t\t\t\t\t\t\t\t\t\t\t\t\t\t\t\t\t\t\t\t\t\t\t\t\t\t\t\t\t\t\t\t\t\t\t\t\t\t\t\t\t\t\t\t\t\t\t\t\t\t\t\t\t\t\t<\/ul>\n\t<\/div>\n\t<div class=\"fusion-post-content post-content\"><h2 class=\"blog-shortcode-post-title entry-title\"><a href=\"https:\/\/2026.uewg-michelstadt.de\/?p=5007\">F\u00fcr eine Altstadt f\u00fcr alle<\/a><\/h2><div class=\"fusion-post-content-container\"><p>Unser Ziel:\u00a0Jeder soll sich in Michelstadt zuhause f\u00fchlen \u2013 jung und alt. Wir sichern die hohe Lebensqualit\u00e4t in Michelstadt, indem wir\u2026 f\u00fcr eine lebendige Innenstadt sorgen, die mit individuellen Gesch\u00e4ften, M\u00e4rkten und Veranstaltungen, einer vielf\u00e4ltigen Gastronomie und der historischen Erlebbarkeit der Altstadt begeistert. ein r\u00fccksichtsvolles Miteinander aller Verkehrsteilnehmer erm\u00f6glichen und alltagstaugliche Mobilit\u00e4t im gesamten Stadtgebiet<\/p><\/div><\/div><div class=\"fusion-clearfix\"><\/div><div class=\"fusion-meta-info\"><div class=\"fusion-alignleft\"><span class=\"vcard\" style=\"display: none;\"><span class=\"fn\"><a href=\"https:\/\/2026.uewg-michelstadt.de\/?author=1\" title=\"Beitr\u00e4ge von ManuelDingeldein\" rel=\"author\">ManuelDingeldein<\/a><\/span><\/span><span class=\"updated\" style=\"display:none;\">2026-03-01T10:01:44+01:00<\/span><span>1. M\u00e4rz 2026<\/span><span class=\"fusion-inline-sep\">|<\/span><\/div><div class=\"fusion-alignright\"><a class=\"fusion-read-more\" href=\"https:\/\/2026.uewg-michelstadt.de\/?p=5007\" aria-label=\"More on F\u00fcr eine Altstadt f\u00fcr alle\">Weiterlesen<\/a><\/div><\/div><\/article>\n<article id=\"blog-2-post-4999\" class=\"fusion-post-medium post-4999 post type-post status-publish format-video has-post-thumbnail hentry category-allgemein category-fraktion category-magistrat category-ortsbeiraete category-stadtverordnete post_format-post-format-video\">\n\t<style type=\"text\/css\">\n\t\t\n\t\t\n\t\t\n\t\t\n\t\t\t<\/style>\n\n\n\t\t\t<div class=\"fusion-flexslider flexslider fusion-flexslider-loading fusion-post-slideshow\" style=\"\">\n\t\t<ul class=\"slides\">\n\t\t\t\n\t\t\t\t\t\t\t\t\t\t\t\t\t\t<li><div  class=\"fusion-image-wrapper fusion-image-size-fixed\" aria-haspopup=\"true\">\n\t\t\t\t\t\t\t<a href=\"https:\/\/2026.uewg-michelstadt.de\/?p=4999\" aria-label=\"F\u00fcr starke Vereine und eine gute Jugendarbeit\">\n\t\t\t\t\t\t\t<img decoding=\"async\" width=\"320\" height=\"202\" src=\"https:\/\/2026.uewg-michelstadt.de\/wp-content\/uploads\/2026\/02\/10-Cover-Sebastian-320x202.png\" class=\"attachment-blog-medium size-blog-medium wp-post-image\" alt=\"\" srcset=\"https:\/\/2026.uewg-michelstadt.de\/wp-content\/uploads\/2026\/02\/10-Cover-Sebastian-320x202.png 320w, https:\/\/2026.uewg-michelstadt.de\/wp-content\/uploads\/2026\/02\/10-Cover-Sebastian-700x441.png 700w\" sizes=\"(max-width: 320px) 100vw, 320px\" \/>\t\t\t<\/a>\n\t\t\t\t\t\t\t<\/div>\n<\/li>\n\t\t\t\n\t\t\t\n\t\t\t\t\t\t\t\t\t\t\t\t\t\t\t\t\t\t\t\t\t\t\t\t\t\t\t\t\t\t\t\t\t\t\t\t\t\t\t\t\t\t\t\t\t\t\t\t\t\t\t\t\t\t\t\t\t\t\t\t\t\t\t\t\t\t\t\t<\/ul>\n\t<\/div>\n\t<div class=\"fusion-post-content post-content\"><h2 class=\"blog-shortcode-post-title entry-title\"><a href=\"https:\/\/2026.uewg-michelstadt.de\/?p=4999\">F\u00fcr starke Vereine und eine gute Jugendarbeit<\/a><\/h2><div class=\"fusion-post-content-container\"><p>Unser Ziel:\u00a0Jeder soll sich in Michelstadt zuhause f\u00fchlen \u2013 jung und alt. Wir sichern die hohe Lebensqualit\u00e4t in Michelstadt, indem wir\u2026 uns um Sport, Bewegung und vielf\u00e4ltige Freizeitm\u00f6glichkeiten k\u00fcmmern. vielf\u00e4ltige Aktivit\u00e4ten f\u00fcr die Jugend bieten und gezielt Orte in der Stadt f\u00fcr die Jugend attraktiver machen. ehrenamtliche Aktivit\u00e4ten in Vereinen und Initiativen unterst\u00fctzen und daf\u00fcr<\/p><\/div><\/div><div class=\"fusion-clearfix\"><\/div><div class=\"fusion-meta-info\"><div class=\"fusion-alignleft\"><span class=\"vcard\" style=\"display: none;\"><span class=\"fn\"><a href=\"https:\/\/2026.uewg-michelstadt.de\/?author=1\" title=\"Beitr\u00e4ge von ManuelDingeldein\" rel=\"author\">ManuelDingeldein<\/a><\/span><\/span><span class=\"updated\" style=\"display:none;\">2026-02-25T20:54:07+01:00<\/span><span>25. Februar 2026<\/span><span class=\"fusion-inline-sep\">|<\/span><\/div><div class=\"fusion-alignright\"><a class=\"fusion-read-more\" href=\"https:\/\/2026.uewg-michelstadt.de\/?p=4999\" aria-label=\"More on F\u00fcr starke Vereine und eine gute Jugendarbeit\">Weiterlesen<\/a><\/div><\/div><\/article>\n<\/div><div class=\"fusion-infinite-scroll-trigger\"><\/div><div class=\"pagination infinite-scroll clearfix\" style=\"display:none;\"><span class=\"current\">1<\/span><a href=\"https:\/\/2026.uewg-michelstadt.de\/index.php?rest_route=%2Fwp%2Fv2%2Fpages%2F1799&#038;paged=2\" class=\"inactive\">2<\/a><a class=\"pagination-next\" rel=\"next\" href=\"https:\/\/2026.uewg-michelstadt.de\/index.php?rest_route=%2Fwp%2Fv2%2Fpages%2F1799&#038;paged=2\"><span class=\"page-text\">Vor<\/span><span class=\"page-next\"><\/span><\/a><\/div><div class=\"fusion-clearfix\"><\/div><button class=\"fusion-load-more-button fusion-blog-button fusion-clearfix\">Mehr Beitr\u00e4ge laden<\/button><\/div><div class=\"fusion-clearfix\"><\/div><\/div><\/div><\/div><\/div><\/p>\n","protected":false},"excerpt":{"rendered":"","protected":false},"author":5,"featured_media":0,"parent":0,"menu_order":0,"comment_status":"closed","ping_status":"closed","template":"100-width.php","meta":{"footnotes":""},"class_list":["post-1799","page","type-page","status-publish","hentry"],"acf":[],"post_mailing_queue_ids":[],"_links":{"self":[{"href":"https:\/\/2026.uewg-michelstadt.de\/index.php?rest_route=\/wp\/v2\/pages\/1799","targetHints":{"allow":["GET"]}}],"collection":[{"href":"https:\/\/2026.uewg-michelstadt.de\/index.php?rest_route=\/wp\/v2\/pages"}],"about":[{"href":"https:\/\/2026.uewg-michelstadt.de\/index.php?rest_route=\/wp\/v2\/types\/page"}],"author":[{"embeddable":true,"href":"https:\/\/2026.uewg-michelstadt.de\/index.php?rest_route=\/wp\/v2\/users\/5"}],"replies":[{"embeddable":true,"href":"https:\/\/2026.uewg-michelstadt.de\/index.php?rest_route=%2Fwp%2Fv2%2Fcomments&post=1799"}],"version-history":[{"count":13,"href":"https:\/\/2026.uewg-michelstadt.de\/index.php?rest_route=\/wp\/v2\/pages\/1799\/revisions"}],"predecessor-version":[{"id":3864,"href":"https:\/\/2026.uewg-michelstadt.de\/index.php?rest_route=\/wp\/v2\/pages\/1799\/revisions\/3864"}],"wp:attachment":[{"href":"https:\/\/2026.uewg-michelstadt.de\/index.php?rest_route=%2Fwp%2Fv2%2Fmedia&parent=1799"}],"curies":[{"name":"wp","href":"https:\/\/api.w.org\/{rel}","templated":true}]}}